{"id":1945,"date":"2023-08-19T16:32:12","date_gmt":"2023-08-19T08:32:12","guid":{"rendered":"https:\/\/www.esim2travel.biz\/?page_id=1945"},"modified":"2024-06-11T00:11:07","modified_gmt":"2024-06-10T16:11:07","slug":"about-us","status":"publish","type":"page","link":"https:\/\/esim2travel.biz\/vi\/information\/about-us\/","title":{"rendered":"Gi\u1edbi thi\u1ec7u"},"content":{"rendered":"<p>Ch\u00e0o m\u1eebng \u0111\u1ebfn v\u1edbi esim2travel, \u0111\u1ed1i t\u00e1c vi\u1ec5n th\u00f4ng th\u1ebf h\u1ec7 ti\u1ebfp theo c\u1ee7a b\u1ea1n! Ch\u00fang t\u00f4i cam k\u1ebft c\u00e1ch m\u1ea1ng h\u00f3a tr\u1ea3i nghi\u1ec7m giao ti\u1ebfp c\u1ee7a b\u1ea1n b\u1eb1ng c\u00e1ch cung c\u1ea5p m\u1ed9t lo\u1ea1t c\u00e1c g\u00f3i d\u1ecbch v\u1ee5 l\u01b0u tr\u00fa gi\u00e1 c\u1ea3 ph\u1ea3i ch\u0103ng \u0111\u01b0\u1ee3c thi\u1ebft k\u1ebf \u0111\u1ec3 \u0111\u00e1p \u1ee9ng nhu c\u1ea7u k\u1ebft n\u1ed1i to\u00e0n c\u1ea7u c\u1ee7a b\u1ea1n. Ch\u00fang t\u00f4i hi\u1ec3u r\u1eb1ng vi\u1ec7c duy tr\u00ec k\u1ebft n\u1ed1i khi \u0111i du l\u1ecbch l\u00e0 c\u1ea7n thi\u1ebft trong th\u1ebf gi\u1edbi v\u1eadn h\u00e0nh nhanh nh\u01b0 ng\u00e0y nay. \u0110\u00f3 l\u00e0 l\u00fd do t\u1ea1i sao ch\u00fang t\u00f4i \u0111\u00e3 t\u1ea1o ra m\u1ed9t lo\u1ea1t c\u00e1c g\u00f3i d\u1ecbch v\u1ee5 l\u01b0u tr\u00fa ti\u00ean ti\u1ebfn \u0111\u01b0\u1ee3c thi\u1ebft k\u1ebf \u0111\u1ec3 gi\u1eef cho b\u1ea1n lu\u00f4n k\u1ebft n\u1ed1i m\u1ed9t c\u00e1ch m\u01b0\u1ee3t m\u00e0, b\u1ea5t k\u1ec3 h\u00e0nh tr\u00ecnh c\u1ee7a b\u1ea1n \u0111\u01b0a b\u1ea1n \u0111\u1ebfn \u0111\u00e2u.<\/p>\n\n\n\n<h3 class=\"wp-block-heading\">Ch\u00fang t\u00f4i cung c\u1ea5p g\u00ec<\/h3>\n\n\n\n<p>C\u00e1c g\u00f3i d\u1ecbch v\u1ee5 l\u01b0u tr\u00fa c\u1ee7a ch\u00fang t\u00f4i \u0111\u00e3 \u0111\u01b0\u1ee3c t\u1ec9 m\u1ec9 l\u1ef1a ch\u1ecdn \u0111\u1ec3 ph\u1ee5c v\u1ee5 c\u00e1c s\u1edf th\u00edch du l\u1ecbch \u0111a d\u1ea1ng v\u00e0 y\u00eau c\u1ea7u giao ti\u1ebfp kh\u00e1c nhau. Cho d\u00f9 b\u1ea1n l\u00e0 m\u1ed9t doanh nh\u00e2n \u0111i c\u00f4ng t\u00e1c, m\u1ed9t ng\u01b0\u1eddi \u0111am m\u00ea kh\u00e1m ph\u00e1, ho\u1eb7c m\u1ed9t ng\u01b0\u1eddi th\u00edch th\u00fa v\u1edbi nh\u1eefng chuy\u1ebfn du l\u1ecbch th\u01b0 gi\u00e3n, ch\u00fang t\u00f4i c\u00f3 g\u00f3i d\u1ecbch v\u1ee5 ho\u00e0n h\u1ea3o cho b\u1ea1n. T\u1eeb c\u00e1c g\u00f3i d\u1eef li\u1ec7u t\u1eadp trung \u0111\u1ebfn g\u00f3i k\u1ebft h\u1ee3p \u00e2m thanh v\u00e0 tin nh\u1eafn, ch\u00fang t\u00f4i \u0111\u1ea3m b\u1ea3o r\u1eb1ng b\u1ea1n lu\u00f4n gi\u1eef li\u00ean l\u1ea1c v\u1edbi ng\u01b0\u1eddi th\u00e2n y\u00eau, \u0111\u1ed3ng nghi\u1ec7p v\u00e0 kh\u00e1ch h\u00e0ng m\u00e0 kh\u00f4ng l\u00e0m r\u00e1ch v\u00ed c\u1ee7a b\u1ea1n.<\/p>\n\n\n\n<p>Ph\u1ee7 s\u00f3ng to\u00e0n c\u1ea7u, Tr\u1ea3i nghi\u1ec7m \u0111\u1ecba ph\u01b0\u01a1ng: V\u1edbi eSIM c\u1ee7a ch\u00fang t\u00f4i, b\u1ea1n c\u00f3 th\u1ec3 \u0111i du l\u1ecbch m\u1ed9t c\u00e1ch t\u1ef1 tin khi bi\u1ebft r\u1eb1ng ph\u1ea1m vi ph\u1ee7 s\u00f3ng c\u1ee7a ch\u00fang t\u00f4i lan r\u1ed9ng kh\u1eafp th\u1ebf gi\u1edbi. T\u1eadn h\u01b0\u1edfng c\u00f9ng m\u1ee9c \u0111\u1ed9 k\u1ebft n\u1ed1i v\u00e0 d\u1ecbch v\u1ee5 ch\u1ea5t l\u01b0\u1ee3ng nh\u01b0 b\u1ea1n tr\u1ea3i nghi\u1ec7m t\u1ea1i nh\u00e0, ngay c\u1ea3 khi b\u1ea1n \u1edf h\u00e0ng ngh\u00ecn d\u1eb7m xa. S\u1ef1 cam k\u1ebft c\u1ee7a ch\u00fang t\u00f4i trong vi\u1ec7c cung c\u1ea5p tr\u1ea3i nghi\u1ec7m \u0111\u1ecba ph\u01b0\u01a1ng \u1edf m\u1ed7i \u0111i\u1ec3m \u0111\u1ebfn c\u00f3 ngh\u0129a l\u00e0 b\u1ea1n s\u1ebd c\u00f3 th\u1ec3 s\u1eed d\u1ee5ng thi\u1ebft b\u1ecb di \u0111\u1ed9ng c\u1ee7a m\u00ecnh gi\u1ed1ng nh\u01b0 b\u1ea1n \u0111\u00e3 l\u00e0m \u1edf nh\u00e0.<\/p>\n\n\n\n<p>Qu\u1ea3n l\u00fd g\u00f3i d\u1ecbch v\u1ee5 l\u01b0u tr\u00fa c\u1ee7a b\u1ea1n hi\u1ec7n \u0111\u00e3 d\u1ec5 d\u00e0ng h\u01a1n bao gi\u1edd h\u1ebft v\u1edbi \u1ee9ng d\u1ee5ng di \u0111\u1ed9ng th\u00e2n thi\u1ec7n v\u1edbi ng\u01b0\u1eddi d\u00f9ng c\u1ee7a ch\u00fang t\u00f4i. Theo d\u00f5i vi\u1ec7c s\u1eed d\u1ee5ng c\u1ee7a b\u1ea1n, k\u00edch ho\u1ea1t ho\u1eb7c \u0111i\u1ec1u ch\u1ec9nh g\u00f3i d\u1ecbch v\u1ee5 c\u1ee7a b\u1ea1n, v\u00e0 theo d\u00f5i c\u00e1c chi ph\u00ed c\u1ee7a b\u1ea1n, t\u1ea5t c\u1ea3 t\u1eeb s\u1ef1 ti\u1ec7n l\u1ee3i c\u1ee7a \u0111i\u1ec7n tho\u1ea1i th\u00f4ng minh c\u1ee7a b\u1ea1n. Ch\u00fang t\u00f4i tin r\u1eb1ng vi\u1ec7c b\u1ea1n ho\u00e0n to\u00e0n ki\u1ec3m so\u00e1t nhu c\u1ea7u giao ti\u1ebfp c\u1ee7a m\u00ecnh l\u00e0 r\u1ea5t quan tr\u1ecdng. <\/p>\n\n\n\n<ul class=\"wp-block-list\">\n<li>H\u00e3y c\u00f9ng tham gia v\u1edbi ch\u00fang t\u00f4i trong vi\u1ec7c \u0111\u00f3n nh\u1eadn t\u01b0\u01a1ng lai c\u1ee7a giao ti\u1ebfp. <\/li>\n\n\n\n<li>N\u00f3i l\u1eddi t\u1ea1m bi\u1ec7t v\u1edbi nh\u1eefng lo l\u1eafng v\u1ec1 k\u1ebft n\u1ed1i v\u00e0 c\u00e1c kho\u1ea3n c\u01b0\u1edbc l\u01b0u tr\u00fa \u0111\u1eaft \u0111\u1ecf. <\/li>\n\n\n\n<li>H\u00e3y ch\u00e0o \u0111\u00f3n nh\u1eefng g\u00f3i d\u1ecbch v\u1ee5 l\u01b0u tr\u00fa v\u1edbi eSIM gi\u00e1 c\u1ea3 ph\u1ea3i ch\u0103ng, \u0111\u00e1ng tin c\u1eady v\u00e0 ti\u1ec7n l\u1ee3i. <\/li>\n\n\n\n<li>Tr\u1ea3i nghi\u1ec7m th\u1ebf h\u1ec7 ti\u1ebfp theo c\u1ee7a vi\u1ec5n th\u00f4ng c\u00f9ng ch\u00fang t\u00f4i. <\/li>\n<\/ul>\n\n\n\n<p>T\u1ea1i trung t\u00e2m c\u1ee7a d\u1ecbch v\u1ee5 c\u1ee7a ch\u00fang t\u00f4i l\u00e0 s\u1ef1 cam k\u1ebft \u0111\u1ebfn s\u1ef1 h\u00e0i l\u00f2ng c\u1ee7a kh\u00e1ch h\u00e0ng. \u0110\u1ed9i ng\u0169 h\u1ed7 tr\u1ee3 c\u1ee7a ch\u00fang t\u00f4i c\u00f3 s\u1eb5n s\u00e0ng xung quanh \u0111\u1ed3ng h\u1ed3 \u0111\u1ec3 h\u1ed7 tr\u1ee3 b\u1ea1n v\u1edbi b\u1ea5t k\u1ef3 c\u00e2u h\u1ecfi ho\u1eb7c lo l\u1eafng n\u00e0o b\u1ea1n c\u00f3 th\u1ec3 g\u1eb7p ph\u1ea3i. Ch\u00fang t\u00f4i tr\u00e2n tr\u1ecdng \u00fd ki\u1ebfn ph\u1ea3n h\u1ed3i c\u1ee7a b\u1ea1n v\u00e0 li\u00ean t\u1ee5c c\u1ed1 g\u1eafng n\u00e2ng cao d\u1ecbch v\u1ee5 c\u1ee7a m\u00ecnh d\u1ef1a tr\u00ean tr\u1ea3i nghi\u1ec7m c\u1ee7a b\u1ea1n.<\/p>\n\n\n\n<p>Ch\u00e0o m\u1eebng \u0111\u1ebfn v\u1edbi m\u1ed9t th\u1ebf gi\u1edbi kh\u00f4ng c\u00f3 ranh gi\u1edbi. \u0110\u01b0\u1ee3c cung c\u1ea5p b\u1edfi esim2travel.<\/p>\n\n\n\n<p><\/p>","protected":false},"excerpt":{"rendered":"<p>Welcome to esim2travel, your next-generation telecommunications partner! We\u2019re dedicated to revolutionizing your communication experience by offering a wide range of affordable roaming packages tailored to meet your global connectivity needs. We understand that staying connected while traveling is essential in today&#8217;s fast-paced world. That&#8217;s why we&#8217;ve crafted a selection of cutting-edge roaming packages designed to [&hellip;]<\/p>\n","protected":false},"author":1,"featured_media":0,"parent":2174,"menu_order":0,"comment_status":"closed","ping_status":"closed","template":"","meta":{"_uag_custom_page_level_css":"","site-sidebar-layout":"default","site-content-layout":"","ast-site-content-layout":"default","site-content-style":"default","site-sidebar-style":"default","ast-global-header-display":"","ast-banner-title-visibility":"","ast-main-header-display":"","ast-hfb-above-header-display":"","ast-hfb-below-header-display":"","ast-hfb-mobile-header-display":"","site-post-title":"","ast-breadcrumbs-content":"","ast-featured-img":"","footer-sml-layout":"","ast-disable-related-posts":"","theme-transparent-header-meta":"","adv-header-id-meta":"","stick-header-meta":"","header-above-stick-meta":"","header-main-stick-meta":"","header-below-stick-meta":"","astra-migrate-meta-layouts":"set","ast-page-background-enabled":"default","ast-page-background-meta":{"desktop":{"background-color":"var(--ast-global-color-4)","background-image":"","background-repeat":"repeat","background-position":"center center","background-size":"auto","background-attachment":"scroll","background-type":"","background-media":"","overlay-type":"","overlay-color":"","overlay-opacity":"","overlay-gradient":""},"tablet":{"background-color":"","background-image":"","background-repeat":"repeat","background-position":"center center","background-size":"auto","background-attachment":"scroll","background-type":"","background-media":"","overlay-type":"","overlay-color":"","overlay-opacity":"","overlay-gradient":""},"mobile":{"background-color":"","background-image":"","background-repeat":"repeat","background-position":"center center","background-size":"auto","background-attachment":"scroll","background-type":"","background-media":"","overlay-type":"","overlay-color":"","overlay-opacity":"","overlay-gradient":""}},"ast-content-background-meta":{"desktop":{"background-color":"var(--ast-global-color-5)","background-image":"","background-repeat":"repeat","background-position":"center center","background-size":"auto","background-attachment":"scroll","background-type":"","background-media":"","overlay-type":"","overlay-color":"","overlay-opacity":"","overlay-gradient":""},"tablet":{"background-color":"var(--ast-global-color-5)","background-image":"","background-repeat":"repeat","background-position":"center center","background-size":"auto","background-attachment":"scroll","background-type":"","background-media":"","overlay-type":"","overlay-color":"","overlay-opacity":"","overlay-gradient":""},"mobile":{"background-color":"var(--ast-global-color-5)","background-image":"","background-repeat":"repeat","background-position":"center center","background-size":"auto","background-attachment":"scroll","background-type":"","background-media":"","overlay-type":"","overlay-color":"","overlay-opacity":"","overlay-gradient":""}},"footnotes":""},"class_list":["post-1945","page","type-page","status-publish","hentry"],"uagb_featured_image_src":{"full":false,"thumbnail":false,"medium":false,"medium_large":false,"large":false,"1536x1536":false,"2048x2048":false,"trp-custom-language-flag":false,"woocommerce_thumbnail":false,"woocommerce_single":false,"woocommerce_gallery_thumbnail":false,"variation_swatches_image_size":false,"variation_swatches_tooltip_size":false},"uagb_author_info":{"display_name":"hooi5683","author_link":"https:\/\/esim2travel.biz\/vi\/author\/hooi5683\/"},"uagb_comment_info":0,"uagb_excerpt":"Welcome to esim2travel, your next-generation telecommunications partner! We\u2019re dedicated to revolutionizing your communication experience by offering a wide range of affordable roaming packages tailored to meet your global connectivity needs. We understand that staying connected while traveling is essential in today&#8217;s fast-paced world. That&#8217;s why we&#8217;ve crafted a selection of cutting-edge roaming packages designed to&hellip;","jetpack_sharing_enabled":true,"_links":{"self":[{"href":"https:\/\/esim2travel.biz\/vi\/wp-json\/wp\/v2\/pages\/1945","targetHints":{"allow":["GET"]}}],"collection":[{"href":"https:\/\/esim2travel.biz\/vi\/wp-json\/wp\/v2\/pages"}],"about":[{"href":"https:\/\/esim2travel.biz\/vi\/wp-json\/wp\/v2\/types\/page"}],"author":[{"embeddable":true,"href":"https:\/\/esim2travel.biz\/vi\/wp-json\/wp\/v2\/users\/1"}],"replies":[{"embeddable":true,"href":"https:\/\/esim2travel.biz\/vi\/wp-json\/wp\/v2\/comments?post=1945"}],"version-history":[{"count":5,"href":"https:\/\/esim2travel.biz\/vi\/wp-json\/wp\/v2\/pages\/1945\/revisions"}],"predecessor-version":[{"id":4339,"href":"https:\/\/esim2travel.biz\/vi\/wp-json\/wp\/v2\/pages\/1945\/revisions\/4339"}],"up":[{"embeddable":true,"href":"https:\/\/esim2travel.biz\/vi\/wp-json\/wp\/v2\/pages\/2174"}],"wp:attachment":[{"href":"https:\/\/esim2travel.biz\/vi\/wp-json\/wp\/v2\/media?parent=1945"}],"curies":[{"name":"wp","href":"https:\/\/api.w.org\/{rel}","templated":true}]}}