{"id":5489,"date":"2024-07-25T23:28:27","date_gmt":"2024-07-25T15:28:27","guid":{"rendered":"https:\/\/www.esim2travel.biz\/?page_id=5489"},"modified":"2024-07-25T23:35:00","modified_gmt":"2024-07-25T15:35:00","slug":"terms-conditions-2","status":"publish","type":"page","link":"https:\/\/esim2travel.biz\/vi\/information\/terms-conditions-2\/","title":{"rendered":"\u0110i\u1ec1u kho\u1ea3n &amp; \u0110i\u1ec1u ki\u1ec7n"},"content":{"rendered":"<p>Ch\u00e0o m\u1eebng b\u1ea1n \u0111\u1ebfn v\u1edbi c\u1eeda h\u00e0ng tr\u1ef1c tuy\u1ebfn c\u1ee7a ch\u00fang t\u00f4i, n\u01a1i b\u00e1n eSIM v\u00e0 SIM card du l\u1ecbch. B\u1eb1ng c\u00e1ch s\u1eed d\u1ee5ng trang web c\u1ee7a ch\u00fang t\u00f4i; esim2Travel.biz v\u00e0 mua c\u00e1c s\u1ea3n ph\u1ea9m c\u1ee7a ch\u00fang t\u00f4i, b\u1ea1n \u0111\u1ed3ng \u00fd tu\u00e2n theo c\u00e1c \u0111i\u1ec1u kho\u1ea3n v\u00e0 \u0111i\u1ec1u ki\u1ec7n sau \u0111\u00e2y.<\/p>\n\n\n\n<p>Vui l\u00f2ng \u0111\u1ecdc k\u1ef9 c\u00e1c \u0111i\u1ec1u kho\u1ea3n n\u00e0y tr\u01b0\u1edbc khi \u0111\u1eb7t h\u00e0ng.<\/p>\n\n\n\n<ul class=\"wp-block-list\">\n<li>C\u00e1c s\u1ea3n ph\u1ea9m c\u1ee7a ch\u00fang t\u00f4i l\u00e0 eSIM v\u00e0 SIM card tr\u1ea3 tr\u01b0\u1edbc cho ph\u00e9p b\u1ea1n truy c\u1eadp d\u1eef li\u1ec7u v\u00e0 d\u1ecbch v\u1ee5 tr\u00f2 chuy\u1ec7n di \u0111\u1ed9ng qu\u1ed1c t\u1ebf t\u1ea1i nhi\u1ec1u qu\u1ed1c gia tr\u00ean th\u1ebf gi\u1edbi. B\u1ea1n c\u00f3 th\u1ec3 ch\u1ecdn eSIM ho\u1eb7c SIM card ph\u00f9 h\u1ee3p v\u1edbi \u0111i\u1ec3m \u0111\u1ebfn v\u00e0 th\u1eddi gian du l\u1ecbch t\u1eeb trang web c\u1ee7a ch\u00fang t\u00f4i.<\/li>\n\n\n\n<li>B\u1ea1n c\u00f3 tr\u00e1ch nhi\u1ec7m ki\u1ec3m tra t\u00ednh t\u01b0\u01a1ng th\u00edch c\u1ee7a thi\u1ebft b\u1ecb v\u1edbi eSIM v\u00e0 SIM card c\u0169ng nh\u01b0 ph\u1ea1m vi ph\u1ee7 s\u00f3ng m\u1ea1ng t\u1ea1i qu\u1ed1c gia \u0111\u00edch c\u1ee7a b\u1ea1n. Ch\u00fang t\u00f4i kh\u00f4ng ch\u1ecbu tr\u00e1ch nhi\u1ec7m cho b\u1ea5t k\u1ef3 m\u1ea5t m\u00e1t ho\u1eb7c thi\u1ec7t h\u1ea1i n\u00e0o do thi\u1ebft b\u1ecb kh\u00f4ng t\u01b0\u01a1ng th\u00edch, v\u1ea5n \u0111\u1ec1 m\u1ea1ng ho\u1eb7c s\u1eed d\u1ee5ng sai eSIM v\u00e0 SIM card.<\/li>\n\n\n\n<li>B\u1ea1n c\u0169ng c\u00f3 tr\u00e1ch nhi\u1ec7m tu\u00e2n th\u1ee7 c\u00e1c lu\u1eadt v\u00e0 quy \u0111\u1ecbnh \u0111\u1ecba ph\u01b0\u01a1ng li\u00ean quan \u0111\u1ebfn vi\u1ec7c s\u1eed d\u1ee5ng d\u1ecbch v\u1ee5 chuy\u1ec3n v\u00f9ng di \u0111\u1ed9ng qu\u1ed1c t\u1ebf c\u1ee7a ch\u00fang t\u00f4i t\u1ea1i qu\u1ed1c gia \u0111\u00edch c\u1ee7a b\u1ea1n. Ch\u00fang t\u00f4i kh\u00f4ng ch\u1ecbu tr\u00e1ch nhi\u1ec7m cho b\u1ea5t k\u1ef3 kho\u1ea3n ti\u1ec1n ph\u1ea1t, h\u00ecnh ph\u1ea1t ho\u1eb7c h\u00e0nh \u0111\u1ed9ng ph\u00e1p l\u00fd n\u00e0o c\u00f3 th\u1ec3 ph\u00e1t sinh t\u1eeb vi\u1ec7c vi ph\u1ea1m c\u00e1c lu\u1eadt v\u00e0 quy \u0111\u1ecbnh \u0111\u00f3.<\/li>\n\n\n\n<li>B\u1ea1n ph\u1ea3i k\u00edch ho\u1ea1t eSIM ho\u1eb7c SIM card c\u1ee7a m\u00ecnh tr\u01b0\u1edbc khi \u0111i du l\u1ecbch b\u1eb1ng c\u00e1ch l\u00e0m theo h\u01b0\u1edbng d\u1eabn tr\u00ean trang web c\u1ee7a ch\u00fang t\u00f4i. B\u1ea1n c\u0169ng ph\u1ea3i \u0111\u0103ng k\u00fd th\u00f4ng tin c\u00e1 nh\u00e2n c\u1ee7a m\u00ecnh v\u1edbi ch\u00fang t\u00f4i cho m\u1ee5c \u0111\u00edch x\u00e1c minh.<\/li>\n\n\n\n<li>Ch\u00fang t\u00f4i s\u1ebd kh\u00f4ng chia s\u1ebb th\u00f4ng tin c\u00e1 nh\u00e2n c\u1ee7a b\u1ea1n v\u1edbi b\u1ea5t k\u1ef3 b\u00ean th\u1ee9 ba n\u00e0o m\u00e0 kh\u00f4ng c\u00f3 s\u1ef1 \u0111\u1ed3ng \u00fd c\u1ee7a b\u1ea1n, tr\u1eeb khi \u0111\u01b0\u1ee3c y\u00eau c\u1ea7u b\u1edfi ph\u00e1p lu\u1eadt ho\u1eb7c \u0111\u1ec3 cung c\u1ea5p d\u1ecbch v\u1ee5 cho b\u1ea1n.<\/li>\n\n\n\n<li>B\u1ea1n c\u00f3 th\u1ec3 ki\u1ec3m tra s\u1ed1 d\u01b0 v\u00e0 ng\u00e0y h\u1ebft h\u1ea1n c\u1ee7a eSIM ho\u1eb7c SIM card tr\u00ean trang web c\u1ee7a ch\u00fang t\u00f4i ho\u1eb7c qua email \u0111\u1ebfn d\u1ecbch v\u1ee5 kh\u00e1ch h\u00e0ng c\u1ee7a ch\u00fang t\u00f4i. B\u1ea1n c\u00f3 th\u1ec3 n\u1ea1p ti\u1ec1n cho eSIM ho\u1eb7c SIM card c\u1ee7a m\u00ecnh tr\u1ef1c tuy\u1ebfn th\u00f4ng qua h\u1ec7 th\u1ed1ng thanh to\u00e1n tr\u1ef1c tuy\u1ebfn tr\u00ean trang web c\u1ee7a ch\u00fang t\u00f4i. B\u1ea1n c\u0169ng c\u00f3 th\u1ec3 mua th\u00eam c\u00e1c d\u1ecbch v\u1ee5 eSIM ho\u1eb7c SIM card cho d\u1ecbch v\u1ee5 d\u1eef li\u1ec7u chuy\u1ec3n v\u00f9ng qu\u1ed1c t\u1ebf t\u1eeb trang web c\u1ee7a ch\u00fang t\u00f4i.<\/li>\n\n\n\n<li>eSIM ho\u1eb7c SIM card c\u1ee7a b\u1ea1n s\u1ebd h\u1ebft h\u1ea1n sau m\u1ed9t th\u1eddi gian nh\u1ea5t \u0111\u1ecbnh t\u00f9y thu\u1ed9c v\u00e0o s\u1ea3n ph\u1ea9m b\u1ea1n \u0111\u00e3 mua. B\u1ea1n c\u00f3 th\u1ec3 gia h\u1ea1n th\u1eddi h\u1ea1n c\u1ee7a eSIM ho\u1eb7c SIM card b\u1eb1ng c\u00e1ch n\u1ea1p ti\u1ec1n tr\u01b0\u1edbc ng\u00e0y h\u1ebft h\u1ea1n. N\u1ebfu b\u1ea1n kh\u00f4ng n\u1ea1p ti\u1ec1n cho eSIM ho\u1eb7c SIM card tr\u01b0\u1edbc ng\u00e0y h\u1ebft h\u1ea1n, b\u1ea1n s\u1ebd m\u1ea5t b\u1ea5t k\u1ef3 s\u1ed1 d\u01b0 v\u00e0 d\u1ecbch v\u1ee5 n\u00e0o c\u00f2n l\u1ea1i tr\u00ean eSIM ho\u1eb7c SIM card.<\/li>\n\n\n\n<li>Ch\u00fang t\u00f4i c\u00f3 quy\u1ec1n thay \u0111\u1ed5i, t\u1ea1m ng\u1eebng ho\u1eb7c ch\u1ea5m d\u1ee9t b\u1ea5t k\u1ef3 s\u1ea3n ph\u1ea9m, d\u1ecbch v\u1ee5, gi\u00e1 c\u1ea3 ho\u1eb7c \u0111i\u1ec1u kho\u1ea3n v\u00e0 \u0111i\u1ec1u ki\u1ec7n n\u00e0o c\u1ee7a ch\u00fang t\u00f4i b\u1ea5t c\u1ee9 l\u00fac n\u00e0o m\u00e0 kh\u00f4ng c\u1ea7n th\u00f4ng b\u00e1o tr\u01b0\u1edbc. Ch\u00fang t\u00f4i s\u1ebd th\u00f4ng b\u00e1o cho b\u1ea1n v\u1ec1 b\u1ea5t k\u1ef3 thay \u0111\u1ed5i n\u00e0o nh\u01b0 v\u1eady tr\u00ean trang web c\u1ee7a ch\u00fang t\u00f4i ho\u1eb7c qua email. Vi\u1ec7c b\u1ea1n ti\u1ebfp t\u1ee5c s\u1eed d\u1ee5ng trang web v\u00e0 s\u1ea3n ph\u1ea9m c\u1ee7a ch\u00fang t\u00f4i sau nh\u1eefng thay \u0111\u1ed5i nh\u01b0 v\u1eady c\u00f3 ngh\u0129a l\u00e0 b\u1ea1n ch\u1ea5p nh\u1eadn c\u00e1c \u0111i\u1ec1u kho\u1ea3n v\u00e0 \u0111i\u1ec1u ki\u1ec7n m\u1edbi.<\/li>\n\n\n\n<li>Ch\u00fang t\u00f4i cung c\u1ea5p d\u1ecbch v\u1ee5 kh\u00e1ch h\u00e0ng qua email. Vui l\u00f2ng g\u1eedi email \u0111\u1ebfn \u0111\u1ecba ch\u1ec9 h\u1ed7 tr\u1ee3 qu\u1ed1c gia t\u01b0\u01a1ng \u1ee9ng \u0111\u01b0\u1ee3c li\u1ec7t k\u00ea d\u01b0\u1edbi \u0111\u00e2y ho\u1eb7c \u0111\u1ebfn support@esim2Travel.biz t\u1eeb Th\u1ee9 Hai \u0111\u1ebfn Th\u1ee9 S\u00e1u, t\u1eeb 9 gi\u1edd s\u00e1ng \u0111\u1ebfn 5 gi\u1edd chi\u1ec1u (GMT+8). B\u1ea1n c\u00f3 th\u1ec3 li\u00ean h\u1ec7 v\u1edbi ch\u00fang t\u00f4i v\u1ec1 b\u1ea5t k\u1ef3 c\u00e2u h\u1ecfi, khi\u1ebfu n\u1ea1i ho\u1eb7c ph\u1ea3n h\u1ed3i n\u00e0o li\u00ean quan \u0111\u1ebfn s\u1ea3n ph\u1ea9m v\u00e0 d\u1ecbch v\u1ee5 c\u1ee7a ch\u00fang t\u00f4i. Ch\u00fang t\u00f4i s\u1ebd c\u1ed1 g\u1eafng gi\u1ea3i quy\u1ebft b\u1ea5t k\u1ef3 v\u1ea5n \u0111\u1ec1 n\u00e0o c\u00e0ng s\u1edbm c\u00e0ng t\u1ed1t.<\/li>\n\n\n\n<li>Ch\u00fang t\u00f4i cung c\u1ea5p b\u1ea3o \u0111\u1ea3m 7 ng\u00e0y cho c\u00e1c SIM card ch\u01b0a s\u1eed d\u1ee5ng \u0111\u01b0\u1ee3c tr\u1ea3 l\u1ea1i cho ch\u00fang t\u00f4i trong bao b\u00ec v\u00e0 t\u00ecnh tr\u1ea1ng ban \u0111\u1ea7u. B\u1ea1n ph\u1ea3i li\u00ean h\u1ec7 v\u1edbi ch\u00fang t\u00f4i qua email t\u1ea1i refundsupport@esim2Travel.biz trong v\u00f2ng 7 ng\u00e0y k\u1ec3 t\u1eeb khi nh\u1eadn \u0111\u01b0\u1ee3c SIM card v\u00e0 y\u00eau c\u1ea7u ho\u00e0n ti\u1ec1n. B\u1ea1n ch\u1ecbu tr\u00e1ch nhi\u1ec7m thanh to\u00e1n chi ph\u00ed v\u1eadn chuy\u1ec3n \u0111\u1ec3 tr\u1ea3 l\u1ea1i SIM card. Ch\u00fang t\u00f4i s\u1ebd x\u1eed l\u00fd ho\u00e0n ti\u1ec1n c\u1ee7a b\u1ea1n trong v\u00f2ng 14 \u0111\u1ebfn 30 ng\u00e0y l\u00e0m vi\u1ec7c sau khi nh\u1eadn \u0111\u01b0\u1ee3c SIM ho\u1eb7c eSIM card \u0111\u00e3 tr\u1ea3 l\u1ea1i.<\/li>\n\n\n\n<li>Ch\u00fang t\u00f4i kh\u00f4ng ch\u1ecbu tr\u00e1ch nhi\u1ec7m cho b\u1ea5t k\u1ef3 m\u1ea5t m\u00e1t, thi\u1ec7t h\u1ea1i, th\u01b0\u01a1ng t\u00edch ho\u1eb7c t\u1eed vong n\u00e0o c\u00f3 th\u1ec3 x\u1ea3y ra do vi\u1ec7c s\u1eed d\u1ee5ng ho\u1eb7c s\u1eed d\u1ee5ng sai s\u1ea3n ph\u1ea9m v\u00e0 d\u1ecbch v\u1ee5 c\u1ee7a ch\u00fang t\u00f4i. B\u1ea1n s\u1eed d\u1ee5ng s\u1ea3n ph\u1ea9m v\u00e0 d\u1ecbch v\u1ee5 c\u1ee7a ch\u00fang t\u00f4i ho\u00e0n to\u00e0n theo r\u1ee7i ro v\u00e0 quy\u1ebft \u0111\u1ecbnh c\u1ee7a ri\u00eang b\u1ea1n. Trong ph\u1ea1m vi t\u1ed1i \u0111a \u0111\u01b0\u1ee3c ph\u00e1p lu\u1eadt cho ph\u00e9p, ch\u00fang t\u00f4i t\u1eeb ch\u1ed1i m\u1ecdi b\u1ea3o \u0111\u1ea3m, d\u00f9 r\u00f5 r\u00e0ng hay ng\u1ee5 \u00fd, li\u00ean quan \u0111\u1ebfn s\u1ea3n ph\u1ea9m v\u00e0 d\u1ecbch v\u1ee5 c\u1ee7a ch\u00fang t\u00f4i, bao g\u1ed3m nh\u01b0ng kh\u00f4ng gi\u1edbi h\u1ea1n v\u1ec1 ch\u1ea5t l\u01b0\u1ee3ng, hi\u1ec7u su\u1ea5t, \u0111\u1ed9 ch\u00ednh x\u00e1c, \u0111\u1ed9 tin c\u1eady, s\u1ef1 ph\u00f9 h\u1ee3p ho\u1eb7c t\u00ednh ph\u00f9 h\u1ee3p cho m\u1ed9t m\u1ee5c \u0111\u00edch c\u1ee5 th\u1ec3.<\/li>\n\n\n\n<li>Danh s\u00e1ch \u0111\u1ecba ch\u1ec9 email h\u1ed7 tr\u1ee3 d\u1ecbch v\u1ee5 theo qu\u1ed1c gia:\n<ul class=\"wp-block-list\">\n<li>Email: <a href=\"mailto:support.malaysia@esim2travel.biz\">support.malaysia@esim2travel.biz<\/a><\/li>\n\n\n\n<li>Email: <a href=\"mailto:support.singapore@esim2travel.biz\">support.singapore@esim2travel.biz<\/a><\/li>\n\n\n\n<li>Email: <a href=\"mailto:support.philippines@esim2travel.biz\">support.philippines@esim2travel.biz<\/a><\/li>\n\n\n\n<li>Email: <a href=\"mailto:support.vietnam@esim2travel.biz\">support.vietnam@esim2travel.biz<\/a><\/li>\n\n\n\n<li>Email: <a href=\"mailto:support.thailand@esim2travel.biz\">support.thailand@esim2travel.biz<\/a><\/li>\n\n\n\n<li>Email: <a href=\"mailto:support.indonesia@esim2travel.biz\">support.indonesia@esim2travel.biz<\/a><\/li>\n<\/ul>\n<\/li>\n<\/ul>","protected":false},"excerpt":{"rendered":"<p>Welcome to our online store selling travel eSIM and SIM cards. By using our website; esim2Travel.biz and purchasing our products, you agree to be bound by the following terms and conditions. Please read them carefully before placing your order.<\/p>","protected":false},"author":1,"featured_media":0,"parent":2174,"menu_order":2,"comment_status":"closed","ping_status":"closed","template":"","meta":{"_uag_custom_page_level_css":"","site-sidebar-layout":"default","site-content-layout":"","ast-site-content-layout":"default","site-content-style":"default","site-sidebar-style":"default","ast-global-header-display":"","ast-banner-title-visibility":"","ast-main-header-display":"","ast-hfb-above-header-display":"","ast-hfb-below-header-display":"","ast-hfb-mobile-header-display":"","site-post-title":"","ast-breadcrumbs-content":"","ast-featured-img":"","footer-sml-layout":"","ast-disable-related-posts":"","theme-transparent-header-meta":"","adv-header-id-meta":"","stick-header-meta":"","header-above-stick-meta":"","header-main-stick-meta":"","header-below-stick-meta":"","astra-migrate-meta-layouts":"set","ast-page-background-enabled":"default","ast-page-background-meta":{"desktop":{"background-color":"var(--ast-global-color-4)","background-image":"","background-repeat":"repeat","background-position":"center center","background-size":"auto","background-attachment":"scroll","background-type":"","background-media":"","overlay-type":"","overlay-color":"","overlay-opacity":"","overlay-gradient":""},"tablet":{"background-color":"","background-image":"","background-repeat":"repeat","background-position":"center center","background-size":"auto","background-attachment":"scroll","background-type":"","background-media":"","overlay-type":"","overlay-color":"","overlay-opacity":"","overlay-gradient":""},"mobile":{"background-color":"","background-image":"","background-repeat":"repeat","background-position":"center center","background-size":"auto","background-attachment":"scroll","background-type":"","background-media":"","overlay-type":"","overlay-color":"","overlay-opacity":"","overlay-gradient":""}},"ast-content-background-meta":{"desktop":{"background-color":"var(--ast-global-color-5)","background-image":"","background-repeat":"repeat","background-position":"center center","background-size":"auto","background-attachment":"scroll","background-type":"","background-media":"","overlay-type":"","overlay-color":"","overlay-opacity":"","overlay-gradient":""},"tablet":{"background-color":"var(--ast-global-color-5)","background-image":"","background-repeat":"repeat","background-position":"center center","background-size":"auto","background-attachment":"scroll","background-type":"","background-media":"","overlay-type":"","overlay-color":"","overlay-opacity":"","overlay-gradient":""},"mobile":{"background-color":"var(--ast-global-color-5)","background-image":"","background-repeat":"repeat","background-position":"center center","background-size":"auto","background-attachment":"scroll","background-type":"","background-media":"","overlay-type":"","overlay-color":"","overlay-opacity":"","overlay-gradient":""}},"footnotes":""},"class_list":["post-5489","page","type-page","status-publish","hentry"],"uagb_featured_image_src":{"full":false,"thumbnail":false,"medium":false,"medium_large":false,"large":false,"1536x1536":false,"2048x2048":false,"trp-custom-language-flag":false,"woocommerce_thumbnail":false,"woocommerce_single":false,"woocommerce_gallery_thumbnail":false,"variation_swatches_image_size":false,"variation_swatches_tooltip_size":false},"uagb_author_info":{"display_name":"hooi5683","author_link":"https:\/\/esim2travel.biz\/vi\/author\/hooi5683\/"},"uagb_comment_info":0,"uagb_excerpt":"Welcome to our online store selling travel eSIM and SIM cards. By using our website; esim2Travel.biz and purchasing our products, you agree to be bound by the following terms and conditions. Please read them carefully before placing your order.","jetpack_sharing_enabled":true,"_links":{"self":[{"href":"https:\/\/esim2travel.biz\/vi\/wp-json\/wp\/v2\/pages\/5489","targetHints":{"allow":["GET"]}}],"collection":[{"href":"https:\/\/esim2travel.biz\/vi\/wp-json\/wp\/v2\/pages"}],"about":[{"href":"https:\/\/esim2travel.biz\/vi\/wp-json\/wp\/v2\/types\/page"}],"author":[{"embeddable":true,"href":"https:\/\/esim2travel.biz\/vi\/wp-json\/wp\/v2\/users\/1"}],"replies":[{"embeddable":true,"href":"https:\/\/esim2travel.biz\/vi\/wp-json\/wp\/v2\/comments?post=5489"}],"version-history":[{"count":1,"href":"https:\/\/esim2travel.biz\/vi\/wp-json\/wp\/v2\/pages\/5489\/revisions"}],"predecessor-version":[{"id":5490,"href":"https:\/\/esim2travel.biz\/vi\/wp-json\/wp\/v2\/pages\/5489\/revisions\/5490"}],"up":[{"embeddable":true,"href":"https:\/\/esim2travel.biz\/vi\/wp-json\/wp\/v2\/pages\/2174"}],"wp:attachment":[{"href":"https:\/\/esim2travel.biz\/vi\/wp-json\/wp\/v2\/media?parent=5489"}],"curies":[{"name":"wp","href":"https:\/\/api.w.org\/{rel}","templated":true}]}}